{"id":3185,"date":"2025-03-26T20:12:28","date_gmt":"2025-03-26T19:12:28","guid":{"rendered":"https:\/\/realvirtual.io\/modelozoo\/"},"modified":"2025-11-17T05:36:12","modified_gmt":"2025-11-17T04:36:12","slug":"modelozoo","status":"publish","type":"page","link":"https:\/\/realvirtual.io\/es\/modelozoo\/","title":{"rendered":"ModeloZoo"},"content":{"rendered":"<section class=\"l-section wpb_row height_medium\"><div class=\"l-section-h i-cf\"><div class=\"g-cols vc_row via_grid cols_2 laptops-cols_inherit tablets-cols_inherit mobiles-cols_1 valign_top type_default stacking_default\"><div class=\"wpb_column vc_column_container\"><div class=\"vc_column-inner\"><div class=\"wpb_text_column us_custom_a574d586 has_text_color\"><div class=\"wpb_wrapper\"><h1 class=\"p1\">Nuestro ModelZoo<\/h1>\n<\/div><\/div><div class=\"w-separator size_small\"><\/div><div class=\"wpb_text_column\"><div class=\"wpb_wrapper\"><p data-start=\"168\" data-end=\"421\">En<span> <\/span><strong data-start=\"172\" data-end=\"199\">realvirtual.io ModelZoo<\/strong><span> <\/span>es tu entrada en el mundo de la simulaci\u00f3n industrial. La colecci\u00f3n de modelos se presenta como una aplicaci\u00f3n ejecutable de Windows y ofrece escenas visuales de alta calidad listas para usar para formaci\u00f3n, pruebas y puesta en marcha virtual. <\/p>\n<p data-start=\"423\" data-end=\"704\">Todos los modelos est\u00e1n agrupados en un \u00fanico<span> exe <\/span>, con un men\u00fa de escenas integrado para facilitar la selecci\u00f3n. Ya sea simulaci\u00f3n pura o puesta en marcha virtual con Siemens S7, Beckhoff TwinCAT, UR, Denso o Wandelbots Nova: numerosos modelos de prueba y formaci\u00f3n, totalmente libres de licencia. <\/p>\n<p data-start=\"423\" data-end=\"704\">Puedes encontrar m\u00e1s informaci\u00f3n sobre ModelZoo en nuestro <a href=\"https:\/\/doc.realvirtual.io\/extensions\/modelzoo\">documental ModelZoo<\/a>.<\/p>\n<\/div><\/div><\/div><\/div><div class=\"wpb_column vc_column_container\"><div class=\"vc_column-inner\"><div class=\"w-separator size_medium\"><\/div><div class=\"w-image align_none\"><div class=\"w-image-h\"><img loading=\"lazy\" decoding=\"async\" width=\"1024\" height=\"724\" src=\"https:\/\/realvirtual.io\/wp-content\/uploads\/2025\/03\/modelzoo-1024x724.gif\" class=\"attachment-large size-large\" alt=\"\" srcset=\"https:\/\/realvirtual.io\/wp-content\/uploads\/2025\/03\/modelzoo-1024x724.gif 1024w, https:\/\/realvirtual.io\/wp-content\/uploads\/2025\/03\/modelzoo-300x212.gif 300w, https:\/\/realvirtual.io\/wp-content\/uploads\/2025\/03\/modelzoo-800x566.gif 800w\" sizes=\"auto, (max-width: 1024px) 100vw, 1024px\" \/><\/div><\/div><\/div><\/div><\/div><\/div><\/section><section class=\"l-section wpb_row height_medium\"><div class=\"l-section-h i-cf\"><div class=\"g-cols vc_row via_grid cols_2-3 laptops-cols_inherit tablets-cols_inherit mobiles-cols_1 valign_top type_default stacking_default\" style=\"--gap:2rem;\"><div class=\"wpb_column vc_column_container us_custom_0306034b\"><div class=\"vc_column-inner\"><div class=\"w-separator size_small\"><\/div><div class=\"w-html\">\n<div class=\"wpcf7 no-js\" id=\"wpcf7-f3324-o1\" lang=\"es-ES\" dir=\"ltr\" data-wpcf7-id=\"3324\">\n<div class=\"screen-reader-response\"><p role=\"status\" aria-live=\"polite\" aria-atomic=\"true\"><\/p> <ul><\/ul><\/div>\n<form action=\"\/es\/wp-json\/wp\/v2\/pages\/3185#wpcf7-f3324-o1\" method=\"post\" class=\"wpcf7-form init\" aria-label=\"Formulario de contacto\" novalidate=\"novalidate\" data-status=\"init\">\n<fieldset class=\"hidden-fields-container\"><input type=\"hidden\" name=\"_wpcf7\" value=\"3324\" \/><input type=\"hidden\" name=\"_wpcf7_version\" value=\"6.1.2\" \/><input type=\"hidden\" name=\"_wpcf7_locale\" value=\"es_ES\" \/><input type=\"hidden\" name=\"_wpcf7_unit_tag\" value=\"wpcf7-f3324-o1\" \/><input type=\"hidden\" name=\"_wpcf7_container_post\" value=\"0\" \/><input type=\"hidden\" name=\"_wpcf7_posted_data_hash\" value=\"\" \/><input type=\"hidden\" name=\"_wpcf7_recaptcha_response\" value=\"\" \/>\n<\/fieldset>\n<p><label> Apellidos y nombre<br \/>\n<span class=\"wpcf7-form-control-wrap\" data-name=\"your-name\"><input size=\"40\" maxlength=\"400\" class=\"wpcf7-form-control wpcf7-text wpcf7-validates-as-required\" autocomplete=\"name\" aria-required=\"true\" aria-invalid=\"false\" value=\"\" type=\"text\" name=\"your-name\" \/><\/span> <\/label>\n<\/p>\n<p><label> Direcci\u00f3n de correo electr\u00f3nico<br \/>\n<span class=\"wpcf7-form-control-wrap\" data-name=\"your-email\"><input size=\"40\" maxlength=\"400\" class=\"wpcf7-form-control wpcf7-email wpcf7-validates-as-required wpcf7-text wpcf7-validates-as-email\" autocomplete=\"email\" aria-required=\"true\" aria-invalid=\"false\" value=\"\" type=\"email\" name=\"your-email\" \/><\/span> <\/label>\n<\/p>\n<p><span class=\"wpcf7-form-control-wrap\" data-name=\"acceptance-206\"><span class=\"wpcf7-form-control wpcf7-acceptance\"><span class=\"wpcf7-list-item\"><label><input type=\"checkbox\" name=\"acceptance-206\" value=\"1\" aria-invalid=\"false\" \/><span class=\"wpcf7-list-item-label\">Acepto la <a href=\"https:\/\/realvirtual.io\/en\/license-conditions\/\">pol\u00edtica de privacidad<\/a><\/span><\/label><\/span><\/span><\/span>\n<\/p>\n<p><input class=\"wpcf7-form-control wpcf7-submit has-spinner\" type=\"submit\" value=\"Env\u00eda\" \/>\n<\/p><div class=\"wpcf7-response-output\" aria-hidden=\"true\"><\/div>\n<\/form>\n<\/div>\n<\/div><\/div><\/div><div class=\"wpb_column vc_column_container\"><div class=\"vc_column-inner\"><div class=\"wpb_text_column us_custom_a574d586 has_text_color\"><div class=\"wpb_wrapper\"><h1 class=\"p1\">Reg\u00edstrate y empieza<\/h1>\n<\/div><\/div><div class=\"w-separator size_small\"><\/div><div class=\"wpb_text_column\"><div class=\"wpb_wrapper\"><p data-start=\"144\" data-end=\"335\">Por favor, reg\u00edstrate para tener acceso al <strong data-start=\"204\" data-end=\"231\">ModelZoo<\/strong> gratuito <strong data-start=\"204\" data-end=\"231\">de realvirtual.io<\/strong>. Tras registrarte, recibir\u00e1s por correo electr\u00f3nico un enlace de descarga del archivo ejecutable. <\/p>\n<p data-start=\"337\" data-end=\"460\">El registro nos ayuda a comprender mejor el uso y a poder informarte espec\u00edficamente sobre futuras actualizaciones.<\/p>\n<p data-start=\"462\" data-end=\"555\">Por supuesto, tus datos se tratar\u00e1n de forma confidencial y no se transmitir\u00e1n a terceros.<\/p>\n<\/div><\/div><\/div><\/div><\/div><\/div><\/section>\n","protected":false},"excerpt":{"rendered":"Nuestro ModelZoo En realvirtual.io ModelZoo es tu entrada en el mundo de la simulaci\u00f3n industrial. La colecci\u00f3n de modelos se presenta como una aplicaci\u00f3n ejecutable de Windows y ofrece escenas visuales de alta calidad listas para usar para formaci\u00f3n, pruebas y puesta en marcha virtual. Todos los modelos est\u00e1n agrupados en un \u00fanico exe ,...","protected":false},"author":1,"featured_media":0,"parent":0,"menu_order":0,"comment_status":"closed","ping_status":"closed","template":"","meta":{"footnotes":""},"class_list":["post-3185","page","type-page","status-publish","hentry"],"yoast_head":"<!-- This site is optimized with the Yoast SEO Premium plugin v26.2 (Yoast SEO v26.2) - https:\/\/yoast.com\/wordpress\/plugins\/seo\/ -->\n<title>ModeloZoo - realvirtual.io | Simulation und Virtuelle Inbetriebnahme mit Unity<\/title>\n<meta name=\"robots\" content=\"index, follow, max-snippet:-1, max-image-preview:large, max-video-preview:-1\" \/>\n<link rel=\"canonical\" href=\"https:\/\/realvirtual.io\/es\/modelozoo\/\" \/>\n<meta property=\"og:locale\" content=\"es_ES\" \/>\n<meta property=\"og:type\" content=\"article\" \/>\n<meta property=\"og:title\" content=\"ModeloZoo\" \/>\n<meta property=\"og:url\" content=\"https:\/\/realvirtual.io\/es\/modelozoo\/\" \/>\n<meta property=\"og:site_name\" content=\"realvirtual.io | Simulation und Virtuelle Inbetriebnahme mit Unity\" \/>\n<meta property=\"article:modified_time\" content=\"2025-11-17T04:36:12+00:00\" \/>\n<meta name=\"twitter:card\" content=\"summary_large_image\" \/>\n<meta name=\"twitter:label1\" content=\"Tiempo de lectura\" \/>\n\t<meta name=\"twitter:data1\" content=\"2 minutos\" \/>\n<script type=\"application\/ld+json\" class=\"yoast-schema-graph\">{\"@context\":\"https:\/\/schema.org\",\"@graph\":[{\"@type\":\"WebPage\",\"@id\":\"https:\/\/realvirtual.io\/es\/modelozoo\/\",\"url\":\"https:\/\/realvirtual.io\/es\/modelozoo\/\",\"name\":\"ModeloZoo - realvirtual.io | Simulation und Virtuelle Inbetriebnahme mit Unity\",\"isPartOf\":{\"@id\":\"https:\/\/realvirtual.io\/es\/#website\"},\"datePublished\":\"2025-03-26T19:12:28+00:00\",\"dateModified\":\"2025-11-17T04:36:12+00:00\",\"breadcrumb\":{\"@id\":\"https:\/\/realvirtual.io\/es\/modelozoo\/#breadcrumb\"},\"inLanguage\":\"es\",\"potentialAction\":[{\"@type\":\"ReadAction\",\"target\":[\"https:\/\/realvirtual.io\/es\/modelozoo\/\"]}]},{\"@type\":\"BreadcrumbList\",\"@id\":\"https:\/\/realvirtual.io\/es\/modelozoo\/#breadcrumb\",\"itemListElement\":[{\"@type\":\"ListItem\",\"position\":1,\"name\":\"Startseite\",\"item\":\"https:\/\/realvirtual.io\/es\/pagina-de-inicio\/\"},{\"@type\":\"ListItem\",\"position\":2,\"name\":\"ModeloZoo\"}]},{\"@type\":\"WebSite\",\"@id\":\"https:\/\/realvirtual.io\/es\/#website\",\"url\":\"https:\/\/realvirtual.io\/es\/\",\"name\":\"realvirtual.io | Simulation und Virtuelle Inbetriebnahme mit Unity\",\"description\":\"Simulation und Virtuelle Inbetriebnahme f\u00fcr den Maschinenbau mit Digitalen Zwillingen auf Basis Unity\",\"publisher\":{\"@id\":\"https:\/\/realvirtual.io\/es\/#organization\"},\"alternateName\":\"realvirtual.io\",\"potentialAction\":[{\"@type\":\"SearchAction\",\"target\":{\"@type\":\"EntryPoint\",\"urlTemplate\":\"https:\/\/realvirtual.io\/es\/?s={search_term_string}\"},\"query-input\":{\"@type\":\"PropertyValueSpecification\",\"valueRequired\":true,\"valueName\":\"search_term_string\"}}],\"inLanguage\":\"es\"},{\"@type\":\"Organization\",\"@id\":\"https:\/\/realvirtual.io\/es\/#organization\",\"name\":\"realvirtual.io\",\"url\":\"https:\/\/realvirtual.io\/es\/\",\"logo\":{\"@type\":\"ImageObject\",\"inLanguage\":\"es\",\"@id\":\"https:\/\/realvirtual.io\/es\/#\/schema\/logo\/image\/\",\"url\":\"https:\/\/realvirtual.io\/wp-content\/uploads\/2024\/10\/favicon.png\",\"contentUrl\":\"https:\/\/realvirtual.io\/wp-content\/uploads\/2024\/10\/favicon.png\",\"width\":512,\"height\":512,\"caption\":\"realvirtual.io\"},\"image\":{\"@id\":\"https:\/\/realvirtual.io\/es\/#\/schema\/logo\/image\/\"},\"sameAs\":[\"https:\/\/www.linkedin.com\/in\/thomas-strigl\/\"]}]}<\/script>\n<!-- \/ Yoast SEO Premium plugin. -->","yoast_head_json":{"title":"ModeloZoo - realvirtual.io | Simulation und Virtuelle Inbetriebnahme mit Unity","robots":{"index":"index","follow":"follow","max-snippet":"max-snippet:-1","max-image-preview":"max-image-preview:large","max-video-preview":"max-video-preview:-1"},"canonical":"https:\/\/realvirtual.io\/es\/modelozoo\/","og_locale":"es_ES","og_type":"article","og_title":"ModeloZoo","og_url":"https:\/\/realvirtual.io\/es\/modelozoo\/","og_site_name":"realvirtual.io | Simulation und Virtuelle Inbetriebnahme mit Unity","article_modified_time":"2025-11-17T04:36:12+00:00","twitter_card":"summary_large_image","twitter_misc":{"Tiempo de lectura":"2 minutos"},"schema":{"@context":"https:\/\/schema.org","@graph":[{"@type":"WebPage","@id":"https:\/\/realvirtual.io\/es\/modelozoo\/","url":"https:\/\/realvirtual.io\/es\/modelozoo\/","name":"ModeloZoo - realvirtual.io | Simulation und Virtuelle Inbetriebnahme mit Unity","isPartOf":{"@id":"https:\/\/realvirtual.io\/es\/#website"},"datePublished":"2025-03-26T19:12:28+00:00","dateModified":"2025-11-17T04:36:12+00:00","breadcrumb":{"@id":"https:\/\/realvirtual.io\/es\/modelozoo\/#breadcrumb"},"inLanguage":"es","potentialAction":[{"@type":"ReadAction","target":["https:\/\/realvirtual.io\/es\/modelozoo\/"]}]},{"@type":"BreadcrumbList","@id":"https:\/\/realvirtual.io\/es\/modelozoo\/#breadcrumb","itemListElement":[{"@type":"ListItem","position":1,"name":"Startseite","item":"https:\/\/realvirtual.io\/es\/pagina-de-inicio\/"},{"@type":"ListItem","position":2,"name":"ModeloZoo"}]},{"@type":"WebSite","@id":"https:\/\/realvirtual.io\/es\/#website","url":"https:\/\/realvirtual.io\/es\/","name":"realvirtual.io | Simulation und Virtuelle Inbetriebnahme mit Unity","description":"Simulation und Virtuelle Inbetriebnahme f\u00fcr den Maschinenbau mit Digitalen Zwillingen auf Basis Unity","publisher":{"@id":"https:\/\/realvirtual.io\/es\/#organization"},"alternateName":"realvirtual.io","potentialAction":[{"@type":"SearchAction","target":{"@type":"EntryPoint","urlTemplate":"https:\/\/realvirtual.io\/es\/?s={search_term_string}"},"query-input":{"@type":"PropertyValueSpecification","valueRequired":true,"valueName":"search_term_string"}}],"inLanguage":"es"},{"@type":"Organization","@id":"https:\/\/realvirtual.io\/es\/#organization","name":"realvirtual.io","url":"https:\/\/realvirtual.io\/es\/","logo":{"@type":"ImageObject","inLanguage":"es","@id":"https:\/\/realvirtual.io\/es\/#\/schema\/logo\/image\/","url":"https:\/\/realvirtual.io\/wp-content\/uploads\/2024\/10\/favicon.png","contentUrl":"https:\/\/realvirtual.io\/wp-content\/uploads\/2024\/10\/favicon.png","width":512,"height":512,"caption":"realvirtual.io"},"image":{"@id":"https:\/\/realvirtual.io\/es\/#\/schema\/logo\/image\/"},"sameAs":["https:\/\/www.linkedin.com\/in\/thomas-strigl\/"]}]}},"_links":{"self":[{"href":"https:\/\/realvirtual.io\/es\/wp-json\/wp\/v2\/pages\/3185","targetHints":{"allow":["GET"]}}],"collection":[{"href":"https:\/\/realvirtual.io\/es\/wp-json\/wp\/v2\/pages"}],"about":[{"href":"https:\/\/realvirtual.io\/es\/wp-json\/wp\/v2\/types\/page"}],"author":[{"embeddable":true,"href":"https:\/\/realvirtual.io\/es\/wp-json\/wp\/v2\/users\/1"}],"replies":[{"embeddable":true,"href":"https:\/\/realvirtual.io\/es\/wp-json\/wp\/v2\/comments?post=3185"}],"version-history":[{"count":7,"href":"https:\/\/realvirtual.io\/es\/wp-json\/wp\/v2\/pages\/3185\/revisions"}],"predecessor-version":[{"id":3319,"href":"https:\/\/realvirtual.io\/es\/wp-json\/wp\/v2\/pages\/3185\/revisions\/3319"}],"wp:attachment":[{"href":"https:\/\/realvirtual.io\/es\/wp-json\/wp\/v2\/media?parent=3185"}],"curies":[{"name":"wp","href":"https:\/\/api.w.org\/{rel}","templated":true}]}}